{"id":2405,"date":"2014-09-01T10:35:41","date_gmt":"2014-09-01T10:35:41","guid":{"rendered":"http:\/\/preview.ait-themes.club\/theme\/expedition\/?page_id=2405"},"modified":"2017-11-27T18:32:52","modified_gmt":"2017-11-27T18:32:52","slug":"vive","status":"publish","type":"page","link":"https:\/\/guiasbotanicos.com\/web\/vive\/","title":{"rendered":"Vive"},"content":{"rendered":"<p>Aqu\u00ed explicamos los paseos bot\u00e1nicos y la bot\u00e1nica urbana<\/p>\n","protected":false},"excerpt":{"rendered":"<p>Aqu\u00ed explicamos los paseos bot\u00e1nicos y la bot\u00e1nica urbana<\/p>\n","protected":false},"author":1,"featured_media":0,"parent":0,"menu_order":0,"comment_status":"closed","ping_status":"closed","template":"","meta":{"footnotes":""},"_links":{"self":[{"href":"https:\/\/guiasbotanicos.com\/web\/wp-json\/wp\/v2\/pages\/2405"}],"collection":[{"href":"https:\/\/guiasbotanicos.com\/web\/wp-json\/wp\/v2\/pages"}],"about":[{"href":"https:\/\/guiasbotanicos.com\/web\/wp-json\/wp\/v2\/types\/page"}],"author":[{"embeddable":true,"href":"https:\/\/guiasbotanicos.com\/web\/wp-json\/wp\/v2\/users\/1"}],"replies":[{"embeddable":true,"href":"https:\/\/guiasbotanicos.com\/web\/wp-json\/wp\/v2\/comments?post=2405"}],"version-history":[{"count":1,"href":"https:\/\/guiasbotanicos.com\/web\/wp-json\/wp\/v2\/pages\/2405\/revisions"}],"predecessor-version":[{"id":2907,"href":"https:\/\/guiasbotanicos.com\/web\/wp-json\/wp\/v2\/pages\/2405\/revisions\/2907"}],"wp:attachment":[{"href":"https:\/\/guiasbotanicos.com\/web\/wp-json\/wp\/v2\/media?parent=2405"}],"curies":[{"name":"wp","href":"https:\/\/api.w.org\/{rel}","templated":true}]}}